{"id":110,"date":"2018-08-13T12:28:51","date_gmt":"2018-08-13T10:28:51","guid":{"rendered":"http:\/\/www.polivka.webisti.cz\/?page_id=110"},"modified":"2025-11-19T17:28:29","modified_gmt":"2025-11-19T16:28:29","slug":"solove-housle","status":"publish","type":"page","link":"https:\/\/www.polivka.biz\/en\/nabidka-vystoupeni\/klasicka-hudba\/solove-housle\/","title":{"rendered":"Solo violin, with orchestra and choir"},"content":{"rendered":"<p><strong>S\u00f3lov\u00e9 housle<\/strong><\/p>\n<p>&nbsp;<\/p>\n<p>J.S. Bach: Sonatas and Partitas<\/p>\n<p>V. H\u00e1lek: Mushrooms<\/p>\n<p>R. Kreutzer: 42 Etudes<\/p>\n<p>J.Marin: Fantasy<\/p>\n<p>N.Paganini: 24\u00a0<span style=\"font-size: 1rem;\">Capricci\u00ed<\/span><\/p>\n<p>V. Pichl: 6 Fug<\/p>\n<p>S. Prokofiev: Sonata in D major<\/p>\n<p>H. Wieniawski: 10 Capriccios<\/p>\n<p>R.Zika: 6\u00a0<span style=\"font-size: 1rem;\">Capricci\u00ed<\/span><\/p>\n<p>&nbsp;<\/p>\n<p>Improvizace na zadan\u00e9 t\u00e9ma, pro r\u016fzn\u00e9 p\u0159\u00edle\u017eitosti a prost\u0159ed\u00ed<\/p>\n<p>&nbsp;<\/p>\n<p><strong>Housle s orchestrem<\/strong><\/p>\n<p>&nbsp;<\/p>\n<p>J.S. Bach: Koncert E dur, a moll, dvojkoncert d moll pro dvoje housle, dvojkoncert d moll pro housle a hoboj<\/p>\n<p>J. Brahms: Koncert D dur<\/p>\n<p>M. Bruch: Koncert g moll<\/p>\n<p>E. Lalo: \u0160pan\u011blsk\u00e1 symfonie<\/p>\n<p>F. Mendelssohn-Bartholdy: Koncert e moll<\/p>\n<p>W.A. Mozart: Koncert D dur, G dur, A dur, Koncertantn\u00ed symfonie pro housle a violu Es dur<\/p>\n<p>S. Prokofjev: Koncert g moll<\/p>\n<p>P. Sarasate: Cik\u00e1nsk\u00e9 melodie<\/p>\n<p>A. Vivaldi: \u010ctvero ro\u010dn\u00edch dob<\/p>\n<p>&nbsp;<\/p>\n<p><strong>Housle (viola) s p\u011bveck\u00fdm sborem<\/strong><\/p>\n<p>&nbsp;<\/p>\n<p>L. Jan\u00e1\u010dek: Nursery Rhymes<\/p>\n<p>Z. Luk\u00e1\u0161: Jaro se otv\u00edr\u00e1, Pocta tv\u016frc\u016fm<\/p>\n<p>B. Martin\u016f: Mike\u0161 from the Mountains, The Opening of the Springs<\/p>\n<p>T. P\u00e1lka: Cherub\u00ednsk\u00e1 p\u00edse\u0148<\/p>\n<p>M. Slavick\u00fd: Media vita<\/p>\n<p>&nbsp;<\/p>\n<p>&nbsp;<\/p>","protected":false},"excerpt":{"rendered":"<p>S\u00f3lov\u00e9 housle &nbsp; J.S.Bach: Son\u00e1ty a partity V.H\u00e1lek: Houby R.Kreutzer: 42 Etud J.Marin: Fantazie N.Paganini: 24\u00a0Capricci\u00ed V. Pichl: 6 Fug S. Prokofjev: Son\u00e1ta D dur H. Wieniawski: 10 Capricci\u00ed R.Zika: [&hellip;]<\/p>","protected":false},"author":1,"featured_media":114,"parent":83,"menu_order":0,"comment_status":"closed","ping_status":"closed","template":"page-templates\/hudba.php","meta":{"footnotes":""},"class_list":["post-110","page","type-page","status-publish","has-post-thumbnail","hentry"],"_links":{"self":[{"href":"https:\/\/www.polivka.biz\/en\/wp-json\/wp\/v2\/pages\/110","targetHints":{"allow":["GET"]}}],"collection":[{"href":"https:\/\/www.polivka.biz\/en\/wp-json\/wp\/v2\/pages"}],"about":[{"href":"https:\/\/www.polivka.biz\/en\/wp-json\/wp\/v2\/types\/page"}],"author":[{"embeddable":true,"href":"https:\/\/www.polivka.biz\/en\/wp-json\/wp\/v2\/users\/1"}],"replies":[{"embeddable":true,"href":"https:\/\/www.polivka.biz\/en\/wp-json\/wp\/v2\/comments?post=110"}],"version-history":[{"count":16,"href":"https:\/\/www.polivka.biz\/en\/wp-json\/wp\/v2\/pages\/110\/revisions"}],"predecessor-version":[{"id":964,"href":"https:\/\/www.polivka.biz\/en\/wp-json\/wp\/v2\/pages\/110\/revisions\/964"}],"up":[{"embeddable":true,"href":"https:\/\/www.polivka.biz\/en\/wp-json\/wp\/v2\/pages\/83"}],"wp:featuredmedia":[{"embeddable":true,"href":"https:\/\/www.polivka.biz\/en\/wp-json\/wp\/v2\/media\/114"}],"wp:attachment":[{"href":"https:\/\/www.polivka.biz\/en\/wp-json\/wp\/v2\/media?parent=110"}],"curies":[{"name":"wp","href":"https:\/\/api.w.org\/{rel}","templated":true}]}}