{"id":116,"date":"2018-08-13T12:30:49","date_gmt":"2018-08-13T10:30:49","guid":{"rendered":"http:\/\/www.polivka.webisti.cz\/?page_id=116"},"modified":"2025-11-19T17:28:28","modified_gmt":"2025-11-19T16:28:28","slug":"komorni-hudba","status":"publish","type":"page","link":"https:\/\/www.polivka.biz\/en\/nabidka-vystoupeni\/klasicka-hudba\/komorni-hudba\/","title":{"rendered":"Chamber music"},"content":{"rendered":"<p><u><b>Violin and piano<\/b><\/u><\/p>\n<p>J.S. Bach: Air, Sonatas<\/p>\n<p>A. Corelli: Sonatas<\/p>\n<p>J. Brahms: Sonata in A major, D minor, G major<\/p>\n<p>A. Dvo\u0159\u00e1k: Humoresque, Mazurka, Romantic Pieces, Sonatina<\/p>\n<p>Z.Fibich: Sonatina<\/p>\n<p>C. Franck: Sonata in A major<\/p>\n<p>Ch.W.Gluck: Melody<\/p>\n<p>G.F. Handel: Sonatas<\/p>\n<p>B.Martin\u016f:\u00a0Sonatina<\/p>\n<p>J. Massenet: Meditation<\/p>\n<p>V. Matys: Fairy Tale<\/p>\n<p>V. Monti: Cs\u00e1rd\u00e1s<\/p>\n<p>W.A. Mozart: Sonatas<\/p>\n<p>N. Paganini: Sonata in E minor<\/p>\n<p>S. Prokofiev: Sonata in D major<\/p>\n<p>P. de Sarasate: Andalusian Romance, Gypsy Melodies<\/p>\n<p>J. Suk: Fairy Tale<\/p>\n<p>F. Kreisler: Beautiful Rosemary, Prelude and Allegro<\/p>\n<p>F. Schubert: The Bee<\/p>\n<p>H.Wieniawski: Obertass<\/p>\n<p>&nbsp;<\/p>\n<p><u><b>Violin and harpsichord<\/b><\/u><\/p>\n<p>J.S. Bach: Sonatas<\/p>\n<p>A. Corelli: Sonatas<\/p>\n<p>G.F. Handel: Sonatas<\/p>\n<p>&nbsp;<\/p>\n<p><u><b>Violin and harp<\/b><\/u><\/p>\n<p>J.S.Bach: Air<\/p>\n<p>A. Corelli: Sonata in C major<\/p>\n<p>F. Kreisler: Beautiful Rosemary, Prelude and Allegro<\/p>\n<p>J. Massenet: Meditation<\/p>\n<p>F. Schubert: The Bee<\/p>\n<p>C. Saint-Sa\u00ebns: Fantasy<\/p>\n<p>Free improvisation and improvisation on a given theme<\/p>\n<p>&nbsp;<\/p>\n<p><u><b>Violin and flute, or oboe<\/b><\/u><\/p>\n<p>Leclair, Telemann, Stamic, Pelik\u00e1n<\/p>\n<p>&nbsp;<\/p>\n<p><u><b>Violin and bayan<\/b><\/u><\/p>\n<p>J. Meisel, arrangements of classical compositions, improvisation<\/p>\n<p>&nbsp;<\/p>\n<p><u><b><strong>Violin duo, violin-viola, string trio, quartet<\/strong><\/b><\/u><\/p>\n<p>Leclair, Telemann, Mozart, Beethoven, Halvorsen, Prokofjev<\/p>\n<p>&nbsp;<\/p>\n<p><u><b>Countertenor and lute, harpsichord, or harp\u00a0<\/b><\/u><\/p>\n<p>Renaissance and Baroque songs and arias \u2013 Morley, Downland, Jones, Bach, Handel<\/p>\n<p>&nbsp;<\/p>\n<p><u><b>Erhu, viola d'amore, cink, small harp, recorder<\/b><\/u><\/p>\n<p>Chinese, medieval, Renaissance, Baroque, and contemporary music, improvisation<\/p>\n<p>&nbsp;<\/p>\n<p>&nbsp;<\/p>\n<p>&nbsp;<\/p>\n<p>&nbsp;<\/p>","protected":false},"excerpt":{"rendered":"<p>Housle a klav\u00edr J.S.Bach: Air, Son\u00e1ty A.Corelli: Son\u00e1ty J.Brahms: Son\u00e1ta A-dur, d moll, G dur A.Dvo\u0159\u00e1k: Humoreska, Mazurek, Romantick\u00e9 kusy, Sonatina Z.Fibich: Sonatina C.Franck: Son\u00e1ta A dur Ch.W.Gluck: Melodie G.F.H\u00e4ndel: [&hellip;]<\/p>","protected":false},"author":1,"featured_media":117,"parent":83,"menu_order":0,"comment_status":"closed","ping_status":"closed","template":"page-templates\/hudba.php","meta":{"footnotes":""},"class_list":["post-116","page","type-page","status-publish","has-post-thumbnail","hentry"],"_links":{"self":[{"href":"https:\/\/www.polivka.biz\/en\/wp-json\/wp\/v2\/pages\/116","targetHints":{"allow":["GET"]}}],"collection":[{"href":"https:\/\/www.polivka.biz\/en\/wp-json\/wp\/v2\/pages"}],"about":[{"href":"https:\/\/www.polivka.biz\/en\/wp-json\/wp\/v2\/types\/page"}],"author":[{"embeddable":true,"href":"https:\/\/www.polivka.biz\/en\/wp-json\/wp\/v2\/users\/1"}],"replies":[{"embeddable":true,"href":"https:\/\/www.polivka.biz\/en\/wp-json\/wp\/v2\/comments?post=116"}],"version-history":[{"count":9,"href":"https:\/\/www.polivka.biz\/en\/wp-json\/wp\/v2\/pages\/116\/revisions"}],"predecessor-version":[{"id":317,"href":"https:\/\/www.polivka.biz\/en\/wp-json\/wp\/v2\/pages\/116\/revisions\/317"}],"up":[{"embeddable":true,"href":"https:\/\/www.polivka.biz\/en\/wp-json\/wp\/v2\/pages\/83"}],"wp:featuredmedia":[{"embeddable":true,"href":"https:\/\/www.polivka.biz\/en\/wp-json\/wp\/v2\/media\/117"}],"wp:attachment":[{"href":"https:\/\/www.polivka.biz\/en\/wp-json\/wp\/v2\/media?parent=116"}],"curies":[{"name":"wp","href":"https:\/\/api.w.org\/{rel}","templated":true}]}}