{"id":119,"date":"2018-08-13T12:31:55","date_gmt":"2018-08-13T10:31:55","guid":{"rendered":"http:\/\/www.polivka.webisti.cz\/?page_id=119"},"modified":"2025-11-19T17:28:29","modified_gmt":"2025-11-19T16:28:29","slug":"orchestralni-hudba","status":"publish","type":"page","link":"https:\/\/www.polivka.biz\/en\/nabidka-vystoupeni\/klasicka-hudba\/orchestralni-hudba\/","title":{"rendered":"Orchestra with choir and solo instruments"},"content":{"rendered":"<p>These compositions were performed by the \u010cerno\u0161ice Chamber Philharmonic Orchestra and the Prague Singers, and any other compositions can be rehearsed.<\/p>\n<p>&nbsp;<\/p>\n<p><u><b>Choir and orchestra<\/b><\/u><u><b>estr<\/b><\/u><\/p>\n<p>J.S. Bach: Mass in B minor, Christmas Oratorio, St. John Passion<\/p>\n<p>B. Britten: The Little Sweep<\/p>\n<p>A. Dvo\u0159\u00e1k: Mass in D major, Lu\u017eansk\u00e1, Stabat Mater<\/p>\n<p>G.F. Handel: Messiah<\/p>\n<p>J. Haydn: Missa in tempore belli<\/p>\n<p>L. Jan\u00e1\u010dek: On Sol\u00e1n \u010cart\u00e1k, The Eternal Gospel<\/p>\n<p>K. Loos: Opera about a chimney<\/p>\n<p>B. Martin\u016f: Mike\u0161 from the Mountains, The Opening of the Springs<\/p>\n<p>W.A. Mozart: Missa brevis in D major, Coronation Mass in C major, Requiem<\/p>\n<p>J.J. Ryba: Czech Christmas Mass<\/p>\n<p>B. Smetana: Czech Song<\/p>\n<p>A. Schnittke: Requiem<\/p>\n<p>V.J. Tom\u00e1\u0161ek: Requiem vocale<\/p>\n<p>M. Troup: Angels of Entertainment<\/p>\n<p>G. Verdi: Requiem<\/p>\n<p>A. Vivaldi: Beatus vir, Gloria, Judith<\/p>\n<p>J.D. Zelenka: Gloria<\/p>\n<p>&nbsp;<\/p>\n<p><u><b>Solo instrument with orchestra<\/b><\/u><\/p>\n<p>J.S. Bach: Concertos in E major for violin, in D minor for two violins, for violin and oboe, for piano, violin and flute, Air<\/p>\n<p>M. Bruch: Concerto in G minor for violin<\/p>\n<p>C. Debussy: Dances for Harp<\/p>\n<p>A. Dvo\u0159\u00e1k: Mazurka, Romance<\/p>\n<p>G.F. Handel: Concerto in B flat major for harp<\/p>\n<p>W.A. Mozart: Concerto in C major for flute and harp, Concerto symphony in E-flat major for violin and viola<\/p>\n<p>J. Pelik\u00e1n: Concerto for Flute, Concerto for Cello<\/p>\n<p>E. Schulhoff: Concerto for Flute and Piano<\/p>\n<p>A. Vivaldi: Concerto in A minor for violin, The Four Seasons, Concerto in D major for harp<\/p>\n<p>&nbsp;<\/p>\n<p><u><b>Orchestra<\/b><\/u><\/p>\n<p>J. Suk: Meditation on the St. Wenceslas Chorale<\/p>\n<p>&nbsp;<\/p>","protected":false},"excerpt":{"rendered":"<p>Tyto skladby byly provedeny \u010cerno\u0161ickou komorn\u00ed filharmoni\u00ed a Pra\u017esk\u00fdmi p\u011bvci, nastudovat lze jak\u00e9koli dal\u0161\u00ed. &nbsp; Sbor a orchestr J.S. Bach: M\u0161e h moll, V\u00e1no\u010dn\u00ed oratorium, Janovy pa\u0161ije B. Britten: Komin\u00ed\u010dek [&hellip;]<\/p>","protected":false},"author":1,"featured_media":120,"parent":83,"menu_order":0,"comment_status":"closed","ping_status":"closed","template":"page-templates\/hudba.php","meta":{"footnotes":""},"class_list":["post-119","page","type-page","status-publish","has-post-thumbnail","hentry"],"_links":{"self":[{"href":"https:\/\/www.polivka.biz\/en\/wp-json\/wp\/v2\/pages\/119","targetHints":{"allow":["GET"]}}],"collection":[{"href":"https:\/\/www.polivka.biz\/en\/wp-json\/wp\/v2\/pages"}],"about":[{"href":"https:\/\/www.polivka.biz\/en\/wp-json\/wp\/v2\/types\/page"}],"author":[{"embeddable":true,"href":"https:\/\/www.polivka.biz\/en\/wp-json\/wp\/v2\/users\/1"}],"replies":[{"embeddable":true,"href":"https:\/\/www.polivka.biz\/en\/wp-json\/wp\/v2\/comments?post=119"}],"version-history":[{"count":12,"href":"https:\/\/www.polivka.biz\/en\/wp-json\/wp\/v2\/pages\/119\/revisions"}],"predecessor-version":[{"id":329,"href":"https:\/\/www.polivka.biz\/en\/wp-json\/wp\/v2\/pages\/119\/revisions\/329"}],"up":[{"embeddable":true,"href":"https:\/\/www.polivka.biz\/en\/wp-json\/wp\/v2\/pages\/83"}],"wp:featuredmedia":[{"embeddable":true,"href":"https:\/\/www.polivka.biz\/en\/wp-json\/wp\/v2\/media\/120"}],"wp:attachment":[{"href":"https:\/\/www.polivka.biz\/en\/wp-json\/wp\/v2\/media?parent=119"}],"curies":[{"name":"wp","href":"https:\/\/api.w.org\/{rel}","templated":true}]}}