{"id":122,"date":"2018-08-13T12:34:24","date_gmt":"2018-08-13T10:34:24","guid":{"rendered":"http:\/\/www.polivka.webisti.cz\/?page_id=122"},"modified":"2025-11-19T17:28:29","modified_gmt":"2025-11-19T16:28:29","slug":"viola","status":"publish","type":"page","link":"https:\/\/www.polivka.biz\/en\/nabidka-vystoupeni\/klasicka-hudba\/viola\/","title":{"rendered":"Viola"},"content":{"rendered":"<p>J.S. Bach: Sonatas and Partitas<\/p>\n<p>V. H\u00e1lek: Mushrooms<\/p>\n<p>L. Jan\u00e1\u010dek: Nursery Rhymes<\/p>\n<p>R. Kreutzer: 42 Etudes<\/p>\n<p>J.Marin: Fantasy<\/p>\n<p>W.A. Mozart: Concerto Symphony for Violin and Viola<\/p>\n<p>N. Paganini: 24 Caprices<\/p>\n<p>V. Pichl: 6 Fug<\/p>\n<p>S. Prokofiev: Sonata in D major<\/p>\n<p>M. Slavick\u00fd: Media vita for soprano and viola<\/p>\n<p>H. Wieniawski: 10 Capriccios<\/p>\n<p>R. Zika: 6 Capriccios<\/p>\n<p>&nbsp;<\/p>\n<p>Improvisation on a given theme, for various occasions and environments, chamber music<\/p>\n<p>&nbsp;<\/p>\n<p>&nbsp;<\/p>","protected":false},"excerpt":{"rendered":"<p>J.S.Bach: Son\u00e1ty a partity V.H\u00e1lek: Houby L. Jan\u00e1\u010dek: \u0158\u00edkadla R.Kreutzer: 42 Etud J.Marin: Fantazie W.A. Mozart: Koncertantn\u00ed symfonie pro housle a violu N.Paganini: 24\u00a0Capricci\u00ed V. Pichl: 6 Fug S. Prokofjev: [&hellip;]<\/p>","protected":false},"author":1,"featured_media":123,"parent":83,"menu_order":0,"comment_status":"closed","ping_status":"closed","template":"page-templates\/hudba.php","meta":{"footnotes":""},"class_list":["post-122","page","type-page","status-publish","has-post-thumbnail","hentry"],"_links":{"self":[{"href":"https:\/\/www.polivka.biz\/en\/wp-json\/wp\/v2\/pages\/122","targetHints":{"allow":["GET"]}}],"collection":[{"href":"https:\/\/www.polivka.biz\/en\/wp-json\/wp\/v2\/pages"}],"about":[{"href":"https:\/\/www.polivka.biz\/en\/wp-json\/wp\/v2\/types\/page"}],"author":[{"embeddable":true,"href":"https:\/\/www.polivka.biz\/en\/wp-json\/wp\/v2\/users\/1"}],"replies":[{"embeddable":true,"href":"https:\/\/www.polivka.biz\/en\/wp-json\/wp\/v2\/comments?post=122"}],"version-history":[{"count":6,"href":"https:\/\/www.polivka.biz\/en\/wp-json\/wp\/v2\/pages\/122\/revisions"}],"predecessor-version":[{"id":965,"href":"https:\/\/www.polivka.biz\/en\/wp-json\/wp\/v2\/pages\/122\/revisions\/965"}],"up":[{"embeddable":true,"href":"https:\/\/www.polivka.biz\/en\/wp-json\/wp\/v2\/pages\/83"}],"wp:featuredmedia":[{"embeddable":true,"href":"https:\/\/www.polivka.biz\/en\/wp-json\/wp\/v2\/media\/123"}],"wp:attachment":[{"href":"https:\/\/www.polivka.biz\/en\/wp-json\/wp\/v2\/media?parent=122"}],"curies":[{"name":"wp","href":"https:\/\/api.w.org\/{rel}","templated":true}]}}