{"id":128,"date":"2018-08-13T12:37:21","date_gmt":"2018-08-13T10:37:21","guid":{"rendered":"http:\/\/www.polivka.webisti.cz\/?page_id=128"},"modified":"2025-11-19T17:28:28","modified_gmt":"2025-11-19T16:28:28","slug":"cink","status":"publish","type":"page","link":"https:\/\/www.polivka.biz\/en\/nabidka-vystoupeni\/klasicka-hudba\/cink\/","title":{"rendered":"Clink"},"content":{"rendered":"<p>V\u00e1clav Pol\u00edvka has been playing the cink since 1996 \u2013 first as a member of the Karm\u00edna ensemble, later also as a member of occasional chamber ensembles \u2013 a cink ensemble created during a course at\u00a0<a href=\"http:\/\/www.collegiummarianum.cz\/\">T\u00fdn School<\/a>\u00a0(1997), participation in a Baroque opera project organized by the Dutch company Pellegrina (1998), band\u00a0<a href=\"http:\/\/www.jagabab.cz\/\">Jagabab<\/a>\u00a0(since 2002), participation in the performance of Monteverdi's Marian Vespers in Rajnochovice (2005), Vivaldi's Gloria with the Prague Singers, and Czech Renaissance music with the Polyfonion ensemble.<\/p>\n<p>He mastered this instrument thanks to his studies of the trumpet at the Vran\u00e9 nad Vltavou Music School (1984\u20131986, Zden\u011bk Zah\u00e1lka), courses in the cornet (Ken Bache, Emmanuel Mure, Judith Pacquier, Gebhard David), and private lessons with Thomas Friedl\u00e4nder in Dresden. In addition to Monteverdi's Vespers, his repertoire includes Renaissance and Baroque compositions, improvisation on a given theme for various occasions and settings, and chamber music.<\/p>","protected":false},"excerpt":{"rendered":"<p>V\u00e1clav Pol\u00edvka se cinku v\u011bnuje od roku 1996 &#8211; nejprve jako \u010dlen souboru Karm\u00edna, pozd\u011bji i jako \u010dlen p\u0159\u00edle\u017eitostn\u00fdch komorn\u00edch sdru\u017een\u00ed &#8211; soubor cink\u016f vytvo\u0159en\u00fd b\u011bhem kurzu na\u00a0T\u00fdnsk\u00e9 \u0161kole\u00a0(1997), \u00fa\u010dast [&hellip;]<\/p>","protected":false},"author":1,"featured_media":130,"parent":83,"menu_order":0,"comment_status":"closed","ping_status":"closed","template":"page-templates\/hudba.php","meta":{"footnotes":""},"class_list":["post-128","page","type-page","status-publish","has-post-thumbnail","hentry"],"_links":{"self":[{"href":"https:\/\/www.polivka.biz\/en\/wp-json\/wp\/v2\/pages\/128","targetHints":{"allow":["GET"]}}],"collection":[{"href":"https:\/\/www.polivka.biz\/en\/wp-json\/wp\/v2\/pages"}],"about":[{"href":"https:\/\/www.polivka.biz\/en\/wp-json\/wp\/v2\/types\/page"}],"author":[{"embeddable":true,"href":"https:\/\/www.polivka.biz\/en\/wp-json\/wp\/v2\/users\/1"}],"replies":[{"embeddable":true,"href":"https:\/\/www.polivka.biz\/en\/wp-json\/wp\/v2\/comments?post=128"}],"version-history":[{"count":4,"href":"https:\/\/www.polivka.biz\/en\/wp-json\/wp\/v2\/pages\/128\/revisions"}],"predecessor-version":[{"id":340,"href":"https:\/\/www.polivka.biz\/en\/wp-json\/wp\/v2\/pages\/128\/revisions\/340"}],"up":[{"embeddable":true,"href":"https:\/\/www.polivka.biz\/en\/wp-json\/wp\/v2\/pages\/83"}],"wp:featuredmedia":[{"embeddable":true,"href":"https:\/\/www.polivka.biz\/en\/wp-json\/wp\/v2\/media\/130"}],"wp:attachment":[{"href":"https:\/\/www.polivka.biz\/en\/wp-json\/wp\/v2\/media?parent=128"}],"curies":[{"name":"wp","href":"https:\/\/api.w.org\/{rel}","templated":true}]}}