{"id":142,"date":"2018-08-13T12:45:32","date_gmt":"2018-08-13T10:45:32","guid":{"rendered":"http:\/\/www.polivka.webisti.cz\/?page_id=142"},"modified":"2025-11-19T17:28:29","modified_gmt":"2025-11-19T16:28:29","slug":"duo-free","status":"publish","type":"page","link":"https:\/\/www.polivka.biz\/en\/nabidka-vystoupeni\/klasicka-hudba\/duo-free\/","title":{"rendered":"Singing \u2013 countertenor"},"content":{"rendered":"<p>V\u00e1clav Pol\u00edvka (born September 24, 1974) gained his first professional singing experience as a member of the Czechoslovak Radio Children's Choir under the direction of Prof. \u010cestm\u00edr Sta\u0161ek. His collaboration with Petr \u0160efle, with whom he performed songs and arias by Johann Sebastian Bach at the age of 12, and with Milo\u0161 Bok, with whom he and his brothers premiered his Missu Brevis in E flat major, was also a valuable contribution. He studied vocal technique under I. Troupov\u00e1 and, since 2001, has been a student of K. F\u00fcrstov\u00e1, Prof. T. Blumov\u00e1, and P. Zumrov\u00e1. Coincidentally, all of these teachers use the Szamosi technique, which he is currently preparing an audiovisual documentary about. His voice is currently being used in a wide variety of areas \u2013 in the bands Bakchus, Jagabab, Jagabab-rock, Cain Da Breth, \u0160mrnc, in the choir Pra\u017e\u0161t\u00ed P\u011bvci under the direction of choirmaster Stanislav Mistr, in the ensemble Polyfonion, which focuses on Gothic and Renaissance vocal music, and in a number of Baroque and contemporary music projects \u2013 G.F. Handel's Messiah (Igor Angelov), St. John Passion, Mass in B minor, and Christmas Oratorio by J.S. Bach (Marek \u0160tryncl, Stanislav Mistr), \u0158\u00edkadla and Ot\u010den\u00e1\u0161 by Leo\u0161 Jan\u00e1\u010dek, and Mass by Igor Stravinsky (Jan Pol\u00edvka). His vocal range is G \u2013 g2.<\/p>\n<p>&nbsp;<\/p>","protected":false},"excerpt":{"rendered":"<p>V\u00e1clav Pol\u00edvka (24. 9. 1974) sv\u00e9 prvn\u00ed profesion\u00e1ln\u00ed p\u011bveck\u00e9 zku\u0161enosti z\u00edsk\u00e1val jako \u010dlen D\u011btsk\u00e9ho p\u011bveck\u00e9ho sboru \u010ceskoslovensk\u00e9ho rozhlasu pod veden\u00edm prof. \u010cestm\u00edra Sta\u0161ka. Cenn\u00fdm p\u0159\u00ednosem mu byla rovn\u011b\u017e spolupr\u00e1ce s [&hellip;]<\/p>","protected":false},"author":1,"featured_media":0,"parent":83,"menu_order":0,"comment_status":"closed","ping_status":"closed","template":"page-templates\/hudba.php","meta":{"footnotes":""},"class_list":["post-142","page","type-page","status-publish","hentry"],"_links":{"self":[{"href":"https:\/\/www.polivka.biz\/en\/wp-json\/wp\/v2\/pages\/142","targetHints":{"allow":["GET"]}}],"collection":[{"href":"https:\/\/www.polivka.biz\/en\/wp-json\/wp\/v2\/pages"}],"about":[{"href":"https:\/\/www.polivka.biz\/en\/wp-json\/wp\/v2\/types\/page"}],"author":[{"embeddable":true,"href":"https:\/\/www.polivka.biz\/en\/wp-json\/wp\/v2\/users\/1"}],"replies":[{"embeddable":true,"href":"https:\/\/www.polivka.biz\/en\/wp-json\/wp\/v2\/comments?post=142"}],"version-history":[{"count":5,"href":"https:\/\/www.polivka.biz\/en\/wp-json\/wp\/v2\/pages\/142\/revisions"}],"predecessor-version":[{"id":963,"href":"https:\/\/www.polivka.biz\/en\/wp-json\/wp\/v2\/pages\/142\/revisions\/963"}],"up":[{"embeddable":true,"href":"https:\/\/www.polivka.biz\/en\/wp-json\/wp\/v2\/pages\/83"}],"wp:attachment":[{"href":"https:\/\/www.polivka.biz\/en\/wp-json\/wp\/v2\/media?parent=142"}],"curies":[{"name":"wp","href":"https:\/\/api.w.org\/{rel}","templated":true}]}}