{"id":144,"date":"2018-08-13T14:22:13","date_gmt":"2018-08-13T12:22:13","guid":{"rendered":"http:\/\/www.polivka.webisti.cz\/?page_id=144"},"modified":"2018-12-02T14:11:14","modified_gmt":"2018-12-02T13:11:14","slug":"sbor-praminek","status":"publish","type":"page","link":"https:\/\/www.polivka.biz\/en\/nabidka-vystoupeni\/lidova-hudba\/sbor-praminek\/","title":{"rendered":"Spring"},"content":{"rendered":"<p>The Pram\u00ednek children's music and dance ensemble from \u010cerno\u0161ice has a repertoire of folk songs and dances from Bohemia and Moravia. It performs in traditional costumes, focusing mainly on folk music from Central Bohemia. It is a regular guest at folklore festivals in the Poberoun region and represents the town and the \u010cerno\u0161ice Music School at performances in the Czech Republic and abroad.<\/p>","protected":false},"excerpt":{"rendered":"<p>D\u011btsk\u00fd hudebn\u00ed a tane\u010dn\u00ed soubor Pram\u00ednek z \u010cerno\u0161ic m\u00e1 na sv\u00e9m reperto\u00e1ru lidov\u00e9 p\u00edsn\u011b a tance \u010cech a Moravy. Vystupuje ve stylov\u00fdch kroj\u00edch, jeho hlavn\u00edm zam\u011b\u0159en\u00edm je lidov\u00e1 hudba st\u0159edn\u00edch [&hellip;]<\/p>","protected":false},"author":1,"featured_media":146,"parent":85,"menu_order":0,"comment_status":"closed","ping_status":"closed","template":"page-templates\/hudba.php","meta":{"footnotes":""},"class_list":["post-144","page","type-page","status-publish","has-post-thumbnail","hentry"],"_links":{"self":[{"href":"https:\/\/www.polivka.biz\/en\/wp-json\/wp\/v2\/pages\/144","targetHints":{"allow":["GET"]}}],"collection":[{"href":"https:\/\/www.polivka.biz\/en\/wp-json\/wp\/v2\/pages"}],"about":[{"href":"https:\/\/www.polivka.biz\/en\/wp-json\/wp\/v2\/types\/page"}],"author":[{"embeddable":true,"href":"https:\/\/www.polivka.biz\/en\/wp-json\/wp\/v2\/users\/1"}],"replies":[{"embeddable":true,"href":"https:\/\/www.polivka.biz\/en\/wp-json\/wp\/v2\/comments?post=144"}],"version-history":[{"count":5,"href":"https:\/\/www.polivka.biz\/en\/wp-json\/wp\/v2\/pages\/144\/revisions"}],"predecessor-version":[{"id":968,"href":"https:\/\/www.polivka.biz\/en\/wp-json\/wp\/v2\/pages\/144\/revisions\/968"}],"up":[{"embeddable":true,"href":"https:\/\/www.polivka.biz\/en\/wp-json\/wp\/v2\/pages\/85"}],"wp:featuredmedia":[{"embeddable":true,"href":"https:\/\/www.polivka.biz\/en\/wp-json\/wp\/v2\/media\/146"}],"wp:attachment":[{"href":"https:\/\/www.polivka.biz\/en\/wp-json\/wp\/v2\/media?parent=144"}],"curies":[{"name":"wp","href":"https:\/\/api.w.org\/{rel}","templated":true}]}}