{"id":156,"date":"2018-08-14T12:58:18","date_gmt":"2018-08-14T10:58:18","guid":{"rendered":"http:\/\/www.polivka.webisti.cz\/?page_id=156"},"modified":"2018-10-03T17:00:05","modified_gmt":"2018-10-03T15:00:05","slug":"strunne-nastroje","status":"publish","type":"page","link":"https:\/\/www.polivka.biz\/en\/vyuka-hudby\/strunne-nastroje\/","title":{"rendered":"String instruments"},"content":{"rendered":"<p>In order to perform music using an instrument, it is necessary to learn the movements that make it sound. I teach everyone, regardless of age or skill level. I draw on the tradition of great violinists, which was passed on to me by Prof. Bohumil Kotmel Sr. (David Oistrach, Nathan Milstein, Viktor Pikajzen) and Jind\u0159ich Pazdera (Leonid Kogan) personally, and which I have supplemented with my own research and observations (Jasha Heifetz, Gidon Kremer, Anne Sophie Mutter, Hilary Hahn, Itzhak Perlman, Rinaldo Ol\u00e1h). My methodology has been influenced by Kat\u00f3 Havas, Ivan Galamian, Jaroslav Folt\u00fdn, Eva Bublov\u00e1, and Alexander Shonert. I focus primarily on the functions of the hands and their possible rehabilitation, awakening musical and sound inventiveness, intonation and rhythmic precision. I do not prescribe how anyone should do it, I show the way, I do not force anyone to follow it. The principles of good violin playing can be applied to all other string instruments, and many of them to musical instruments in general. To paraphrase the painter Salvador Dal\u00ed \u2013 first learn to play like the old masters, then do as you please \u2013 you will always be respected.<\/p>\n<p>String instruments I teach \u2013 violin, viola, viola d'amore, erhu, medieval fiddle, small harp.<\/p>\n<p>&nbsp;<\/p>","protected":false},"excerpt":{"rendered":"<p>Pro uskute\u010dn\u011bn\u00ed hudebn\u00edch p\u0159edstav prost\u0159ednictv\u00edm n\u00e1stroje je t\u0159eba si osvojit pohyby, kter\u00fdmi se rozezn\u00edv\u00e1. U\u010d\u00edm ka\u017ed\u00e9ho, na v\u011bku ani na dosa\u017een\u00fdch schopnostech nez\u00e1le\u017e\u00ed. Vych\u00e1z\u00edm z tradice velk\u00fdch houslist\u016f, kterou mi [&hellip;]<\/p>","protected":false},"author":1,"featured_media":157,"parent":14,"menu_order":0,"comment_status":"closed","ping_status":"closed","template":"page-templates\/hudba.php","meta":{"footnotes":""},"class_list":["post-156","page","type-page","status-publish","has-post-thumbnail","hentry"],"_links":{"self":[{"href":"https:\/\/www.polivka.biz\/en\/wp-json\/wp\/v2\/pages\/156","targetHints":{"allow":["GET"]}}],"collection":[{"href":"https:\/\/www.polivka.biz\/en\/wp-json\/wp\/v2\/pages"}],"about":[{"href":"https:\/\/www.polivka.biz\/en\/wp-json\/wp\/v2\/types\/page"}],"author":[{"embeddable":true,"href":"https:\/\/www.polivka.biz\/en\/wp-json\/wp\/v2\/users\/1"}],"replies":[{"embeddable":true,"href":"https:\/\/www.polivka.biz\/en\/wp-json\/wp\/v2\/comments?post=156"}],"version-history":[{"count":5,"href":"https:\/\/www.polivka.biz\/en\/wp-json\/wp\/v2\/pages\/156\/revisions"}],"predecessor-version":[{"id":284,"href":"https:\/\/www.polivka.biz\/en\/wp-json\/wp\/v2\/pages\/156\/revisions\/284"}],"up":[{"embeddable":true,"href":"https:\/\/www.polivka.biz\/en\/wp-json\/wp\/v2\/pages\/14"}],"wp:featuredmedia":[{"embeddable":true,"href":"https:\/\/www.polivka.biz\/en\/wp-json\/wp\/v2\/media\/157"}],"wp:attachment":[{"href":"https:\/\/www.polivka.biz\/en\/wp-json\/wp\/v2\/media?parent=156"}],"curies":[{"name":"wp","href":"https:\/\/api.w.org\/{rel}","templated":true}]}}