{"id":16,"date":"2018-07-05T17:25:22","date_gmt":"2018-07-05T15:25:22","guid":{"rendered":"http:\/\/www.polivka.webisti.cz\/?page_id=16"},"modified":"2025-11-19T17:28:28","modified_gmt":"2025-11-19T16:28:28","slug":"kontakty","status":"publish","type":"page","link":"https:\/\/www.polivka.biz\/en\/kontakty\/","title":{"rendered":"Contact"},"content":{"rendered":"<p>V\u00e1clav Pol\u00edvka<br \/>\nPa\u0159\u00edkova 910\/9a<br \/>\n190 00 Praha<br \/>\ntel.: +420 724 578 031,+420 605 720 158<br \/>\nmail: v.polivka@seznam.cz<\/p>","protected":false},"excerpt":{"rendered":"<p>V\u00e1clav Pol\u00edvka Pa\u0159\u00edkova 910\/9a 190 00 Praha tel.: +420 724 578 031,+420 605 720 158 mail: v.polivka@seznam.cz<\/p>","protected":false},"author":1,"featured_media":0,"parent":0,"menu_order":0,"comment_status":"closed","ping_status":"closed","template":"page-templates\/hudba.php","meta":{"footnotes":""},"class_list":["post-16","page","type-page","status-publish","hentry"],"_links":{"self":[{"href":"https:\/\/www.polivka.biz\/en\/wp-json\/wp\/v2\/pages\/16","targetHints":{"allow":["GET"]}}],"collection":[{"href":"https:\/\/www.polivka.biz\/en\/wp-json\/wp\/v2\/pages"}],"about":[{"href":"https:\/\/www.polivka.biz\/en\/wp-json\/wp\/v2\/types\/page"}],"author":[{"embeddable":true,"href":"https:\/\/www.polivka.biz\/en\/wp-json\/wp\/v2\/users\/1"}],"replies":[{"embeddable":true,"href":"https:\/\/www.polivka.biz\/en\/wp-json\/wp\/v2\/comments?post=16"}],"version-history":[{"count":2,"href":"https:\/\/www.polivka.biz\/en\/wp-json\/wp\/v2\/pages\/16\/revisions"}],"predecessor-version":[{"id":240,"href":"https:\/\/www.polivka.biz\/en\/wp-json\/wp\/v2\/pages\/16\/revisions\/240"}],"wp:attachment":[{"href":"https:\/\/www.polivka.biz\/en\/wp-json\/wp\/v2\/media?parent=16"}],"curies":[{"name":"wp","href":"https:\/\/api.w.org\/{rel}","templated":true}]}}