{"id":169,"date":"2018-08-14T13:03:47","date_gmt":"2018-08-14T11:03:47","guid":{"rendered":"http:\/\/www.polivka.webisti.cz\/?page_id=169"},"modified":"2018-11-09T17:40:48","modified_gmt":"2018-11-09T16:40:48","slug":"improvizace","status":"publish","type":"page","link":"https:\/\/www.polivka.biz\/en\/vyuka-hudby\/improvizace\/","title":{"rendered":"Improvisation"},"content":{"rendered":"<p>The greatest enemy of art is routine and improvisation. Yet improvisation is an art when it is not about saving the situation, but about creating something based on an idea, perfectly mastered by craftsmanship. It is an integral part of music and can be done well or poorly.<\/p>","protected":false},"excerpt":{"rendered":"<p>Nejv\u011bt\u0161\u00edm nep\u0159\u00edtelem um\u011bn\u00ed je rutina a improvizace. P\u0159esto je improvizace um\u011bn\u00ed, kdy\u017e se nejedn\u00e1 o zachra\u0148ov\u00e1n\u00ed situace, ale vytv\u00e1\u0159en\u00ed podle n\u00e1padu dokonale \u0159emesln\u011b zvl\u00e1dnut\u00e9. Je ned\u00edlnou sou\u010d\u00e1st\u00ed hudby a d\u00e1 [&hellip;]<\/p>","protected":false},"author":1,"featured_media":0,"parent":14,"menu_order":0,"comment_status":"closed","ping_status":"closed","template":"page-templates\/hudba.php","meta":{"footnotes":""},"class_list":["post-169","page","type-page","status-publish","hentry"],"_links":{"self":[{"href":"https:\/\/www.polivka.biz\/en\/wp-json\/wp\/v2\/pages\/169","targetHints":{"allow":["GET"]}}],"collection":[{"href":"https:\/\/www.polivka.biz\/en\/wp-json\/wp\/v2\/pages"}],"about":[{"href":"https:\/\/www.polivka.biz\/en\/wp-json\/wp\/v2\/types\/page"}],"author":[{"embeddable":true,"href":"https:\/\/www.polivka.biz\/en\/wp-json\/wp\/v2\/users\/1"}],"replies":[{"embeddable":true,"href":"https:\/\/www.polivka.biz\/en\/wp-json\/wp\/v2\/comments?post=169"}],"version-history":[{"count":3,"href":"https:\/\/www.polivka.biz\/en\/wp-json\/wp\/v2\/pages\/169\/revisions"}],"predecessor-version":[{"id":310,"href":"https:\/\/www.polivka.biz\/en\/wp-json\/wp\/v2\/pages\/169\/revisions\/310"}],"up":[{"embeddable":true,"href":"https:\/\/www.polivka.biz\/en\/wp-json\/wp\/v2\/pages\/14"}],"wp:attachment":[{"href":"https:\/\/www.polivka.biz\/en\/wp-json\/wp\/v2\/media?parent=169"}],"curies":[{"name":"wp","href":"https:\/\/api.w.org\/{rel}","templated":true}]}}