{"id":34,"date":"2018-07-12T16:49:01","date_gmt":"2018-07-12T14:49:01","guid":{"rendered":"http:\/\/www.polivka.webisti.cz\/?page_id=34"},"modified":"2018-08-15T12:51:10","modified_gmt":"2018-08-15T10:51:10","slug":"vyhlidkove-lety","status":"publish","type":"page","link":"https:\/\/www.polivka.biz\/en\/vyhlidkove-lety\/","title":{"rendered":"Sightseeing flights"},"content":{"rendered":"<p><img loading=\"lazy\" decoding=\"async\" class=\"alignnone wp-image-197 size-large\" style=\"font-size: 1rem;\" src=\"http:\/\/www.polivka.webisti.cz\/wp-content\/uploads\/2018\/08\/l3_____________________-1024x768.jpg\" alt=\"\" width=\"1024\" height=\"768\" srcset=\"https:\/\/www.polivka.biz\/wp-content\/uploads\/2018\/08\/l3_____________________-1024x768.jpg 1024w, https:\/\/www.polivka.biz\/wp-content\/uploads\/2018\/08\/l3_____________________-300x225.jpg 300w, https:\/\/www.polivka.biz\/wp-content\/uploads\/2018\/08\/l3_____________________-768x576.jpg 768w, https:\/\/www.polivka.biz\/wp-content\/uploads\/2018\/08\/l3_____________________-500x375.jpg 500w, https:\/\/www.polivka.biz\/wp-content\/uploads\/2018\/08\/l3_____________________-150x113.jpg 150w\" sizes=\"auto, (max-width: 1024px) 100vw, 1024px\" \/><\/p>\n<p>The best view of the ground is from the deck of a motorless aircraft. Circling silently with birds of prey \u2013 buzzards, falcons, and eagles, climbing in thermals and seeing what Konopi\u0161t\u011b, Jemni\u0161t\u011b, Bene\u0161ov, and Votice look like from above, trying your hand at flying a glider and considering whether you might one day want to sit in the pilot's seat \u2013 all this at operating prices that cover costs. Votice from above, try your hand at flying a glider, and think about whether you would like to sit in the pilot's seat one day \u2013 all this at operating prices to cover costs from Bene\u0161ov Airport, 50 km from Prague.<\/p>\n<p><iframe loading=\"lazy\" title=\"L\u00e9t\u00e1n\u00ed s orly L-23 Super Blan\u00edk\" width=\"500\" height=\"281\" src=\"https:\/\/www.youtube.com\/embed\/4oExn7A3VUw?feature=oembed\" frameborder=\"0\" allow=\"accelerometer; autoplay; clipboard-write; encrypted-media; gyroscope; picture-in-picture; web-share\" referrerpolicy=\"strict-origin-when-cross-origin\" allowfullscreen><\/iframe><\/p>\n<p>&nbsp;<\/p>\n<p style=\"text-align: center;\"><a href=\"http:\/\/www.gac-ramert.eu\/nabidky-letu-.html\"><strong>Flight offers<\/strong><\/a><\/p>\n<p><img loading=\"lazy\" decoding=\"async\" class=\"alignnone wp-image-196 size-large\" src=\"http:\/\/www.polivka.webisti.cz\/wp-content\/uploads\/2018\/08\/l3_______-1024x768.jpg\" alt=\"\" width=\"1024\" height=\"768\" srcset=\"https:\/\/www.polivka.biz\/wp-content\/uploads\/2018\/08\/l3_______-1024x768.jpg 1024w, https:\/\/www.polivka.biz\/wp-content\/uploads\/2018\/08\/l3_______-300x225.jpg 300w, https:\/\/www.polivka.biz\/wp-content\/uploads\/2018\/08\/l3_______-768x576.jpg 768w, https:\/\/www.polivka.biz\/wp-content\/uploads\/2018\/08\/l3_______-500x375.jpg 500w, https:\/\/www.polivka.biz\/wp-content\/uploads\/2018\/08\/l3_______-150x113.jpg 150w\" sizes=\"auto, (max-width: 1024px) 100vw, 1024px\" \/><\/p>\n<p><img loading=\"lazy\" decoding=\"async\" class=\"alignnone wp-image-194 size-large\" style=\"font-size: 1rem;\" src=\"http:\/\/www.polivka.webisti.cz\/wp-content\/uploads\/2018\/08\/l3-1024x928.jpg\" alt=\"\" width=\"1024\" height=\"928\" srcset=\"https:\/\/www.polivka.biz\/wp-content\/uploads\/2018\/08\/l3-1024x928.jpg 1024w, https:\/\/www.polivka.biz\/wp-content\/uploads\/2018\/08\/l3-300x272.jpg 300w, https:\/\/www.polivka.biz\/wp-content\/uploads\/2018\/08\/l3-768x696.jpg 768w, https:\/\/www.polivka.biz\/wp-content\/uploads\/2018\/08\/l3-500x453.jpg 500w, https:\/\/www.polivka.biz\/wp-content\/uploads\/2018\/08\/l3-150x136.jpg 150w\" sizes=\"auto, (max-width: 1024px) 100vw, 1024px\" \/><\/p>\n<p style=\"text-align: center;\"><a href=\"http:\/\/www.gac-ramert.eu\/nabidky-letu-.html\"><strong>Flight offers<\/strong><\/a><\/p>","protected":false},"excerpt":{"rendered":"<p>Nejlep\u0161\u00ed pohled na zem je z paluby bezmotorov\u00e9ho letadla. Bez hluku krou\u017eit s dravci \u2013 k\u00e1\u0148aty, sokoly a orly, nastoupat si v termice a pod\u00edvat se, jak vypad\u00e1 z v\u00fd\u0161ky [&hellip;]<\/p>","protected":false},"author":1,"featured_media":0,"parent":0,"menu_order":0,"comment_status":"closed","ping_status":"closed","template":"page-templates\/letani.php","meta":{"footnotes":""},"class_list":["post-34","page","type-page","status-publish","hentry"],"_links":{"self":[{"href":"https:\/\/www.polivka.biz\/en\/wp-json\/wp\/v2\/pages\/34","targetHints":{"allow":["GET"]}}],"collection":[{"href":"https:\/\/www.polivka.biz\/en\/wp-json\/wp\/v2\/pages"}],"about":[{"href":"https:\/\/www.polivka.biz\/en\/wp-json\/wp\/v2\/types\/page"}],"author":[{"embeddable":true,"href":"https:\/\/www.polivka.biz\/en\/wp-json\/wp\/v2\/users\/1"}],"replies":[{"embeddable":true,"href":"https:\/\/www.polivka.biz\/en\/wp-json\/wp\/v2\/comments?post=34"}],"version-history":[{"count":8,"href":"https:\/\/www.polivka.biz\/en\/wp-json\/wp\/v2\/pages\/34\/revisions"}],"predecessor-version":[{"id":201,"href":"https:\/\/www.polivka.biz\/en\/wp-json\/wp\/v2\/pages\/34\/revisions\/201"}],"wp:attachment":[{"href":"https:\/\/www.polivka.biz\/en\/wp-json\/wp\/v2\/media?parent=34"}],"curies":[{"name":"wp","href":"https:\/\/api.w.org\/{rel}","templated":true}]}}