{"id":40,"date":"2018-07-12T16:50:39","date_gmt":"2018-07-12T14:50:39","guid":{"rendered":"http:\/\/www.polivka.webisti.cz\/?page_id=40"},"modified":"2018-11-09T17:46:50","modified_gmt":"2018-11-09T16:46:50","slug":"letani","status":"publish","type":"page","link":"https:\/\/www.polivka.biz\/en\/letani\/","title":{"rendered":"About me"},"content":{"rendered":"<p>phone: +420 724 578 031, +420 605 720 158<br \/>\ne-mail: v.polivka@seznam.cz<br \/>\nNesva\u010dily 145, leti\u0161t\u011b Bene\u0161ov<br \/>\n257 51 Byst\u0159ice u Bene\u0161ova, Czech Republic<\/p>","protected":false},"excerpt":{"rendered":"<p>telefon: +420 724 578 031, +420 605 720 158 e-mail: v.polivka@seznam.cz Nesva\u010dily 145, leti\u0161t\u011b Bene\u0161ov 257 51 Byst\u0159ice u Bene\u0161ova, Czech Republic<\/p>","protected":false},"author":1,"featured_media":0,"parent":0,"menu_order":0,"comment_status":"closed","ping_status":"closed","template":"page-templates\/letani.php","meta":{"footnotes":""},"class_list":["post-40","page","type-page","status-publish","hentry"],"_links":{"self":[{"href":"https:\/\/www.polivka.biz\/en\/wp-json\/wp\/v2\/pages\/40","targetHints":{"allow":["GET"]}}],"collection":[{"href":"https:\/\/www.polivka.biz\/en\/wp-json\/wp\/v2\/pages"}],"about":[{"href":"https:\/\/www.polivka.biz\/en\/wp-json\/wp\/v2\/types\/page"}],"author":[{"embeddable":true,"href":"https:\/\/www.polivka.biz\/en\/wp-json\/wp\/v2\/users\/1"}],"replies":[{"embeddable":true,"href":"https:\/\/www.polivka.biz\/en\/wp-json\/wp\/v2\/comments?post=40"}],"version-history":[{"count":3,"href":"https:\/\/www.polivka.biz\/en\/wp-json\/wp\/v2\/pages\/40\/revisions"}],"predecessor-version":[{"id":257,"href":"https:\/\/www.polivka.biz\/en\/wp-json\/wp\/v2\/pages\/40\/revisions\/257"}],"wp:attachment":[{"href":"https:\/\/www.polivka.biz\/en\/wp-json\/wp\/v2\/media?parent=40"}],"curies":[{"name":"wp","href":"https:\/\/api.w.org\/{rel}","templated":true}]}}