{"id":92,"date":"2018-08-11T17:32:11","date_gmt":"2018-08-11T15:32:11","guid":{"rendered":"http:\/\/www.polivka.webisti.cz\/?page_id=92"},"modified":"2018-11-12T18:08:45","modified_gmt":"2018-11-12T17:08:45","slug":"praveka-hudba","status":"publish","type":"page","link":"https:\/\/www.polivka.biz\/en\/nabidka-vystoupeni\/praveka-hudba\/","title":{"rendered":"Prehistoric music"},"content":{"rendered":"<p><img loading=\"lazy\" decoding=\"async\" class=\"alignnone size-medium wp-image-104\" src=\"http:\/\/www.polivka.webisti.cz\/wp-content\/uploads\/2018\/08\/2.4-300x225.jpg\" alt=\"\" width=\"300\" height=\"225\" srcset=\"https:\/\/www.polivka.biz\/wp-content\/uploads\/2018\/08\/2.4-300x225.jpg 300w, https:\/\/www.polivka.biz\/wp-content\/uploads\/2018\/08\/2.4-768x576.jpg 768w, https:\/\/www.polivka.biz\/wp-content\/uploads\/2018\/08\/2.4-1024x768.jpg 1024w, https:\/\/www.polivka.biz\/wp-content\/uploads\/2018\/08\/2.4-500x375.jpg 500w, https:\/\/www.polivka.biz\/wp-content\/uploads\/2018\/08\/2.4-150x113.jpg 150w\" sizes=\"auto, (max-width: 300px) 100vw, 300px\" \/>The oldest musical instruments found date back 40,000 years. So the question is, what is actually the oldest craft? Jakub \u017did brought them back to life with his characteristic humor\u2014his repertoire includes works such as Hu-ha, Mammoths March to New Siberia, Raven Feather, and many others, created directly during the performance. It is a must at any celebration of the anniversary of the massacre of any tribe, a good hunt, and, in Neolithic times, a good harvest \u2013 it can be held on any day, as there is always something to celebrate during that period. Welcoming spring, summer, autumn, winter, solstice, rituals for birth, initiation into the tribe, marriage, war, peace, funeral.<\/p>","protected":false},"excerpt":{"rendered":"<p>Nejstar\u0161\u00ed n\u00e1lezy hudebn\u00edch n\u00e1stroj\u016f poch\u00e1z\u00ed z doby p\u0159ed 40 000 lety. Tak\u017ee je ot\u00e1zka, co je vlastn\u011b to nejstar\u0161\u00ed \u0159emeslo. O jejich o\u017eiven\u00ed se postaral Jakub \u017did s humorem sob\u011b [&hellip;]<\/p>","protected":false},"author":1,"featured_media":104,"parent":12,"menu_order":0,"comment_status":"closed","ping_status":"closed","template":"page-templates\/hudba.php","meta":{"footnotes":""},"class_list":["post-92","page","type-page","status-publish","has-post-thumbnail","hentry"],"_links":{"self":[{"href":"https:\/\/www.polivka.biz\/en\/wp-json\/wp\/v2\/pages\/92","targetHints":{"allow":["GET"]}}],"collection":[{"href":"https:\/\/www.polivka.biz\/en\/wp-json\/wp\/v2\/pages"}],"about":[{"href":"https:\/\/www.polivka.biz\/en\/wp-json\/wp\/v2\/types\/page"}],"author":[{"embeddable":true,"href":"https:\/\/www.polivka.biz\/en\/wp-json\/wp\/v2\/users\/1"}],"replies":[{"embeddable":true,"href":"https:\/\/www.polivka.biz\/en\/wp-json\/wp\/v2\/comments?post=92"}],"version-history":[{"count":5,"href":"https:\/\/www.polivka.biz\/en\/wp-json\/wp\/v2\/pages\/92\/revisions"}],"predecessor-version":[{"id":324,"href":"https:\/\/www.polivka.biz\/en\/wp-json\/wp\/v2\/pages\/92\/revisions\/324"}],"up":[{"embeddable":true,"href":"https:\/\/www.polivka.biz\/en\/wp-json\/wp\/v2\/pages\/12"}],"wp:featuredmedia":[{"embeddable":true,"href":"https:\/\/www.polivka.biz\/en\/wp-json\/wp\/v2\/media\/104"}],"wp:attachment":[{"href":"https:\/\/www.polivka.biz\/en\/wp-json\/wp\/v2\/media?parent=92"}],"curies":[{"name":"wp","href":"https:\/\/api.w.org\/{rel}","templated":true}]}}